{"id":14673,"date":"2020-06-11T10:40:42","date_gmt":"2020-06-11T10:40:42","guid":{"rendered":"https:\/\/valenciapescapaseo.com\/?page_id=14673"},"modified":"2020-06-25T09:10:10","modified_gmt":"2020-06-25T09:10:10","slug":"pesca","status":"publish","type":"page","link":"https:\/\/valenciapescapaseo.com\/en\/pesca\/","title":{"rendered":"Pesca"},"content":{"rendered":"<div class=\"vc_row wpb_row vc_row-fluid full-width-wrap dt-default\" style=\"padding-left: 0px;padding-right: 0px;margin-top: 0px;margin-bottom: 0px\"><div class=\"wpb_column vc_column_container vc_col-sm-12\"><div class=\"vc_column-inner\"><div class=\"wpb_wrapper\">\n\t<div  class=\"wpb_single_image wpb_content_element vc_align_center  vc_custom_1592206949678\">\n\t\t\n\t\t<figure class=\"wpb_wrapper vc_figure\">\n\t\t\t<div class=\"vc_single_image-wrapper   vc_box_border_grey\"><img loading=\"lazy\" decoding=\"async\" class=\"vc_single_image-img\" src=\"https:\/\/valenciapescapaseo.com\/wp-content\/uploads\/2020\/06\/PESCAFONDO1-scaled-2048x400.jpg\" width=\"2048\" height=\"400\" alt=\"PESCAFONDO1\" title=\"PESCAFONDO1\"  data-dt-location=\"https:\/\/valenciapescapaseo.com\/en\/pescafondo1\/\" \/><\/div>\n\t\t<\/figure>\n\t<\/div>\n<\/div><\/div><\/div><\/div><div class=\"stripe stripe-style-4\" style=\"background-image: url(https:\/\/valenciapescapaseo.com\/wp-content\/uploads\/revslider\/the7-hero-18-10-2018\/bg-blur1.jpg);background-position: top;background-repeat: no-repeat;background-attachment: scroll;background-size: cover;padding-top: 50px;padding-bottom: 50px;margin-top: -95px;margin-bottom: 60px\"><div class=\"vc_row wpb_row vc_row-fluid full-width-wrap\" style=\"padding-left: 0px;padding-right: 0px\"><div class=\"wpb_column vc_column_container vc_col-sm-3\"><div class=\"vc_column-inner\"><div class=\"wpb_wrapper\"><\/div><\/div><\/div><div class=\"wpb_column vc_column_container vc_col-sm-6\"><div class=\"vc_column-inner\"><div class=\"wpb_wrapper\"><div id=\"ultimate-heading-171569e66aee6f001\" class=\"uvc-heading ult-adjust-bottom-margin ultimate-heading-171569e66aee6f001 uvc-8773  uvc-heading-default-font-sizes\" data-hspacer=\"no_spacer\"  data-halign=\"center\" style=\"text-align:center\"><div class=\"uvc-heading-spacer no_spacer\" style=\"top\"><\/div><div class=\"uvc-main-heading ult-responsive\"  data-ultimate-target='.uvc-heading.ultimate-heading-171569e66aee6f001 h1'  data-responsive-json-new='{\"font-size\":\"\",\"line-height\":\"\"}' ><h1 style=\"--font-weight:theme;\">ANCHORAGE FISHING OR DORAD<\/h1><\/div><div class=\"uvc-sub-heading ult-responsive\"  data-ultimate-target='.uvc-heading.ultimate-heading-171569e66aee6f001 .uvc-sub-heading '  data-responsive-json-new='{\"font-size\":\"\",\"line-height\":\"\"}'  style=\"font-weight:normal;\">Enjoy a day of calm anchorage at sea; noiseless and wich priviledged views which also provide a wide range of species like doradoes, pajel and so on.<b>(Duration of the activity: 6 hous minimun)<\/b><\/div><\/div><\/div><\/div><\/div><div class=\"wpb_column vc_column_container vc_col-sm-3\"><div class=\"vc_column-inner\"><div class=\"wpb_wrapper\"><\/div><\/div><\/div><\/div><\/div><div class=\"vc_row wpb_row vc_row-fluid dt-default\" style=\"margin-top: 0px;margin-bottom: 0px\"><div class=\"wpb_column vc_column_container vc_col-sm-12\"><div class=\"vc_column-inner\"><div class=\"wpb_wrapper\"><div class=\"wf-container dt-gallery-container dt-photos-shortcode loading-effect-none iso-grid jg-container description-on-hover hover-style-two hover-fade content-align-centre\" data-padding=\"20px\" data-cur-page=\"1\" data-target-height=\"500px\"><div class=\"wf-cell\" data-post-id=\"14799\" data-date=\"2020-06-13T19:23:10+00:00\" data-name=\"IMAGENFONDO2\">\n<article class=\"post post-14799 attachment type-attachment status-inherit hentry no-img description-off\">\n\n\t<figure class=\"rollover-project links-hovers-disabled\">\n\t<a href=\"https:\/\/valenciapescapaseo.com\/wp-content\/uploads\/2020\/06\/IMAGENFONDO2.jpg\" class=\"rollover rollover-zoom dt-pswp-item layzr-bg\" title=\"IMAGENFONDO2\" data-dt-img-description=\"\"  data-large_image_width=\"540\" data-large_image_height = \"960\" ><img loading=\"lazy\" decoding=\"async\" class=\"preload-me jgrid-lazy-load\" src=\"data:image\/svg+xml,%3Csvg%20xmlns%3D&#39;http%3A%2F%2Fwww.w3.org%2F2000%2Fsvg&#39;%20viewBox%3D&#39;0%200%20366%20650&#39;%2F%3E\" data-src=\"https:\/\/valenciapescapaseo.com\/wp-content\/uploads\/2020\/06\/IMAGENFONDO2-366x650.jpg\" data-srcset=\"https:\/\/valenciapescapaseo.com\/wp-content\/uploads\/2020\/06\/IMAGENFONDO2-366x650.jpg 366w, https:\/\/valenciapescapaseo.com\/wp-content\/uploads\/2020\/06\/IMAGENFONDO2.jpg 540w\" alt=\"\" width=\"366\" height=\"650\"  \/><\/a>\t<\/figure>\n<\/article>\n\n<\/div><div class=\"wf-cell\" data-post-id=\"14801\" data-date=\"2020-06-13T19:23:24+00:00\" data-name=\"IMG_20190215_174013_951-819x1024\">\n<article class=\"post post-14801 attachment type-attachment status-inherit hentry no-img description-off\">\n\n\t<figure class=\"rollover-project links-hovers-disabled\">\n\t<a href=\"https:\/\/valenciapescapaseo.com\/wp-content\/uploads\/2020\/06\/IMG_20190215_174013_951-819x1024-1.jpg\" class=\"rollover rollover-zoom dt-pswp-item layzr-bg\" title=\"IMG_20190215_174013_951-819&#215;1024\" data-dt-img-description=\"\"  data-large_image_width=\"819\" data-large_image_height = \"1024\" ><img loading=\"lazy\" decoding=\"async\" class=\"preload-me jgrid-lazy-load\" src=\"data:image\/svg+xml,%3Csvg%20xmlns%3D&#39;http%3A%2F%2Fwww.w3.org%2F2000%2Fsvg&#39;%20viewBox%3D&#39;0%200%20520%20650&#39;%2F%3E\" data-src=\"https:\/\/valenciapescapaseo.com\/wp-content\/uploads\/2020\/06\/IMG_20190215_174013_951-819x1024-1-520x650.jpg\" data-srcset=\"https:\/\/valenciapescapaseo.com\/wp-content\/uploads\/2020\/06\/IMG_20190215_174013_951-819x1024-1-520x650.jpg 520w, https:\/\/valenciapescapaseo.com\/wp-content\/uploads\/2020\/06\/IMG_20190215_174013_951-819x1024-1.jpg 819w\" alt=\"\" width=\"520\" height=\"650\"  \/><\/a>\t<\/figure>\n<\/article>\n\n<\/div><div class=\"wf-cell\" data-post-id=\"14804\" data-date=\"2020-06-13T19:23:42+00:00\" data-name=\"IMGP0007\">\n<article class=\"post post-14804 attachment type-attachment status-inherit hentry no-img description-off\">\n\n\t<figure class=\"rollover-project links-hovers-disabled\">\n\t<a href=\"https:\/\/valenciapescapaseo.com\/wp-content\/uploads\/2020\/06\/IMGP0007-scaled.jpg\" class=\"rollover rollover-zoom dt-pswp-item layzr-bg\" title=\"IMGP0007\" data-dt-img-description=\"\"  data-large_image_width=\"1536\" data-large_image_height = \"2048\" ><img loading=\"lazy\" decoding=\"async\" class=\"preload-me jgrid-lazy-load\" src=\"data:image\/svg+xml,%3Csvg%20xmlns%3D&#39;http%3A%2F%2Fwww.w3.org%2F2000%2Fsvg&#39;%20viewBox%3D&#39;0%200%20488%20650&#39;%2F%3E\" data-src=\"https:\/\/valenciapescapaseo.com\/wp-content\/uploads\/2020\/06\/IMGP0007-scaled-488x650.jpg\" data-srcset=\"https:\/\/valenciapescapaseo.com\/wp-content\/uploads\/2020\/06\/IMGP0007-scaled-488x650.jpg 488w, https:\/\/valenciapescapaseo.com\/wp-content\/uploads\/2020\/06\/IMGP0007-scaled-976x1300.jpg 976w\" alt=\"\" width=\"488\" height=\"650\"  \/><\/a>\t<\/figure>\n<\/article>\n\n<\/div><\/div><\/div><\/div><\/div><\/div><div class=\"stripe stripe-style-4\" style=\"background-image: url(https:\/\/valenciapescapaseo.com\/wp-content\/uploads\/revslider\/the7-hero-18-10-2018\/bg-blur1.jpg);background-position: top;background-repeat: no-repeat;background-attachment: scroll;background-size: cover;padding-top: 50px;padding-bottom: 50px;margin-top: 0px;margin-bottom: 60px\"><div class=\"vc_row wpb_row vc_row-fluid full-width-wrap\" style=\"padding-left: 0px;padding-right: 0px\"><div class=\"wpb_column vc_column_container vc_col-sm-3\"><div class=\"vc_column-inner\"><div class=\"wpb_wrapper\"><\/div><\/div><\/div><div class=\"wpb_column vc_column_container vc_col-sm-6\"><div class=\"vc_column-inner\"><div class=\"wpb_wrapper\"><div id=\"ultimate-heading-218969e66aee77ab9\" class=\"uvc-heading ult-adjust-bottom-margin ultimate-heading-218969e66aee77ab9 uvc-4794  uvc-heading-default-font-sizes\" data-hspacer=\"no_spacer\"  data-halign=\"center\" style=\"text-align:center\"><div class=\"uvc-heading-spacer no_spacer\" style=\"top\"><\/div><div class=\"uvc-main-heading ult-responsive\"  data-ultimate-target='.uvc-heading.ultimate-heading-218969e66aee77ab9 h1'  data-responsive-json-new='{\"font-size\":\"\",\"line-height\":\"\"}' ><h1 style=\"--font-weight:theme;\">Catch of the Giant Tuna (or misting)<\/h1><\/div><div class=\"uvc-sub-heading ult-responsive\"  data-ultimate-target='.uvc-heading.ultimate-heading-218969e66aee77ab9 .uvc-sub-heading '  data-responsive-json-new='{\"font-size\":\"\",\"line-height\":\"\"}'  style=\"font-weight:normal;\">Enjoy one of the most impressive fights againt a fish tha you may ever live througth; The Red Tuna. Catalogued as one of the bravest animals in the sea world. Hare an unforgetable day with catching and relearing of the animal. Are you missing it? It's your loss!\u00a0<b>(Duration of the activity 7 hours minimum)<\/b><\/div><\/div><\/div><\/div><\/div><div class=\"wpb_column vc_column_container vc_col-sm-3\"><div class=\"vc_column-inner\"><div class=\"wpb_wrapper\"><\/div><\/div><\/div><\/div><\/div><div class=\"vc_row wpb_row vc_row-fluid dt-default\" style=\"margin-top: 0px;margin-bottom: 0px\"><div class=\"wpb_column vc_column_container vc_col-sm-12\"><div class=\"vc_column-inner\"><div class=\"wpb_wrapper\"><div class=\"wf-container dt-gallery-container dt-photos-shortcode loading-effect-none iso-grid jg-container description-on-hover hover-style-two hover-fade content-align-centre\" data-padding=\"20px\" data-cur-page=\"1\" data-target-height=\"500px\"><div class=\"wf-cell\" data-post-id=\"15015\" data-date=\"2020-06-20T11:15:00+00:00\" data-name=\"IMAGENBRUMEO\">\n<article class=\"post post-15015 attachment type-attachment status-inherit hentry no-img description-off\">\n\n\t<figure class=\"rollover-project links-hovers-disabled\">\n\t<a href=\"https:\/\/valenciapescapaseo.com\/wp-content\/uploads\/2020\/06\/IMAGENBRUMEO-1.jpeg\" class=\"rollover rollover-zoom dt-pswp-item layzr-bg\" title=\"IMAGENBRUMEO\" data-dt-img-description=\"\"  data-large_image_width=\"900\" data-large_image_height = \"1125\" ><img loading=\"lazy\" decoding=\"async\" class=\"preload-me jgrid-lazy-load\" src=\"data:image\/svg+xml,%3Csvg%20xmlns%3D&#39;http%3A%2F%2Fwww.w3.org%2F2000%2Fsvg&#39;%20viewBox%3D&#39;0%200%20520%20650&#39;%2F%3E\" data-src=\"https:\/\/valenciapescapaseo.com\/wp-content\/uploads\/2020\/06\/IMAGENBRUMEO-1-520x650.jpeg\" data-srcset=\"https:\/\/valenciapescapaseo.com\/wp-content\/uploads\/2020\/06\/IMAGENBRUMEO-1-520x650.jpeg 520w, https:\/\/valenciapescapaseo.com\/wp-content\/uploads\/2020\/06\/IMAGENBRUMEO-1.jpeg 900w\" alt=\"\" width=\"520\" height=\"650\"  \/><\/a>\t<\/figure>\n<\/article>\n\n<\/div><div class=\"wf-cell\" data-post-id=\"15016\" data-date=\"2020-06-20T11:15:04+00:00\" data-name=\"IMG-20180807-WA0044\">\n<article class=\"post post-15016 attachment type-attachment status-inherit hentry no-img description-off\">\n\n\t<figure class=\"rollover-project links-hovers-disabled\">\n\t<a href=\"https:\/\/valenciapescapaseo.com\/wp-content\/uploads\/2020\/06\/IMG-20180807-WA0044-1.jpg\" class=\"rollover rollover-zoom dt-pswp-item layzr-bg\" title=\"IMG-20180807-WA0044\" data-dt-img-description=\"\"  data-large_image_width=\"900\" data-large_image_height = \"1600\" ><img loading=\"lazy\" decoding=\"async\" class=\"preload-me jgrid-lazy-load\" src=\"data:image\/svg+xml,%3Csvg%20xmlns%3D&#39;http%3A%2F%2Fwww.w3.org%2F2000%2Fsvg&#39;%20viewBox%3D&#39;0%200%20366%20650&#39;%2F%3E\" data-src=\"https:\/\/valenciapescapaseo.com\/wp-content\/uploads\/2020\/06\/IMG-20180807-WA0044-1-366x650.jpg\" data-srcset=\"https:\/\/valenciapescapaseo.com\/wp-content\/uploads\/2020\/06\/IMG-20180807-WA0044-1-366x650.jpg 366w, https:\/\/valenciapescapaseo.com\/wp-content\/uploads\/2020\/06\/IMG-20180807-WA0044-1-732x1300.jpg 732w\" alt=\"\" width=\"366\" height=\"650\"  \/><\/a>\t<\/figure>\n<\/article>\n\n<\/div><div class=\"wf-cell\" data-post-id=\"15017\" data-date=\"2020-06-20T11:15:07+00:00\" data-name=\"IMG-20190220-WA0009\">\n<article class=\"post post-15017 attachment type-attachment status-inherit hentry no-img description-off\">\n\n\t<figure class=\"rollover-project links-hovers-disabled\">\n\t<a href=\"https:\/\/valenciapescapaseo.com\/wp-content\/uploads\/2020\/06\/IMG-20190220-WA0009.jpg\" class=\"rollover rollover-zoom dt-pswp-item layzr-bg\" title=\"IMG-20190220-WA0009\" data-dt-img-description=\"\"  data-large_image_width=\"900\" data-large_image_height = \"1600\" ><img loading=\"lazy\" decoding=\"async\" class=\"preload-me jgrid-lazy-load\" src=\"data:image\/svg+xml,%3Csvg%20xmlns%3D&#39;http%3A%2F%2Fwww.w3.org%2F2000%2Fsvg&#39;%20viewBox%3D&#39;0%200%20366%20650&#39;%2F%3E\" data-src=\"https:\/\/valenciapescapaseo.com\/wp-content\/uploads\/2020\/06\/IMG-20190220-WA0009-366x650.jpg\" data-srcset=\"https:\/\/valenciapescapaseo.com\/wp-content\/uploads\/2020\/06\/IMG-20190220-WA0009-366x650.jpg 366w, https:\/\/valenciapescapaseo.com\/wp-content\/uploads\/2020\/06\/IMG-20190220-WA0009-732x1300.jpg 732w\" alt=\"\" width=\"366\" height=\"650\"  \/><\/a>\t<\/figure>\n<\/article>\n\n<\/div><\/div><\/div><\/div><\/div><\/div><div class=\"stripe stripe-style-4\" style=\"background-image: url(https:\/\/valenciapescapaseo.com\/wp-content\/uploads\/revslider\/the7-hero-18-10-2018\/bg-blur1.jpg);background-position: top;background-repeat: no-repeat;background-attachment: scroll;background-size: cover;padding-top: 50px;padding-bottom: 50px;margin-top: 0px;margin-bottom: 60px\"><div class=\"vc_row wpb_row vc_row-fluid full-width-wrap\" style=\"padding-left: 0px;padding-right: 0px\"><div class=\"wpb_column vc_column_container vc_col-sm-3\"><div class=\"vc_column-inner\"><div class=\"wpb_wrapper\"><\/div><\/div><\/div><div class=\"wpb_column vc_column_container vc_col-sm-6\"><div class=\"vc_column-inner\"><div class=\"wpb_wrapper\"><div id=\"ultimate-heading-179669e66aee7dba9\" class=\"uvc-heading ult-adjust-bottom-margin ultimate-heading-179669e66aee7dba9 uvc-101  uvc-heading-default-font-sizes\" data-hspacer=\"no_spacer\"  data-halign=\"center\" style=\"text-align:center\"><div class=\"uvc-heading-spacer no_spacer\" style=\"top\"><\/div><div class=\"uvc-main-heading ult-responsive\"  data-ultimate-target='.uvc-heading.ultimate-heading-179669e66aee7dba9 h1'  data-responsive-json-new='{\"font-size\":\"\",\"line-height\":\"\"}' ><h1 style=\"--font-weight:theme;\">Fishing a la currican or trolling<\/h1><\/div><div class=\"uvc-sub-heading ult-responsive\"  data-ultimate-target='.uvc-heading.ultimate-heading-179669e66aee7dba9 .uvc-sub-heading '  data-responsive-json-new='{\"font-size\":\"\",\"line-height\":\"\"}'  style=\"font-weight:normal;\">An enjoyable jour of fishing since the boat is moving continuously in rearch of tuna, Doradoes,  bonitoes, etc....Furthermore, it is an activity tgat allous watching dolphins and a wide range of other sea species.\u00a0<b>(Duration of the activity: 6 hous minimun)<\/b><\/div><\/div><\/div><\/div><\/div><div class=\"wpb_column vc_column_container vc_col-sm-3\"><div class=\"vc_column-inner\"><div class=\"wpb_wrapper\"><\/div><\/div><\/div><\/div><\/div><div class=\"vc_row wpb_row vc_row-fluid dt-default\" style=\"margin-top: 0px;margin-bottom: 0px\"><div class=\"wpb_column vc_column_container vc_col-sm-12\"><div class=\"vc_column-inner\"><div class=\"wpb_wrapper\"><div class=\"wf-container dt-gallery-container dt-photos-shortcode loading-effect-none iso-grid jg-container description-on-hover hover-style-two hover-fade content-align-centre\" data-padding=\"20px\" data-cur-page=\"1\" data-target-height=\"500px\"><div class=\"wf-cell\" data-post-id=\"15021\" data-date=\"2020-06-20T11:27:59+00:00\" data-name=\"IMAGENCURRICAN1\">\n<article class=\"post post-15021 attachment type-attachment status-inherit hentry no-img description-off\">\n\n\t<figure class=\"rollover-project links-hovers-disabled\">\n\t<a href=\"https:\/\/valenciapescapaseo.com\/wp-content\/uploads\/2020\/06\/IMAGENCURRICAN1-1.jpeg\" class=\"rollover rollover-zoom dt-pswp-item layzr-bg\" title=\"IMAGENCURRICAN1\" data-dt-img-description=\"\"  data-large_image_width=\"900\" data-large_image_height = \"1600\" ><img loading=\"lazy\" decoding=\"async\" class=\"preload-me jgrid-lazy-load\" src=\"data:image\/svg+xml,%3Csvg%20xmlns%3D&#39;http%3A%2F%2Fwww.w3.org%2F2000%2Fsvg&#39;%20viewBox%3D&#39;0%200%20366%20650&#39;%2F%3E\" data-src=\"https:\/\/valenciapescapaseo.com\/wp-content\/uploads\/2020\/06\/IMAGENCURRICAN1-1-366x650.jpeg\" data-srcset=\"https:\/\/valenciapescapaseo.com\/wp-content\/uploads\/2020\/06\/IMAGENCURRICAN1-1-366x650.jpeg 366w, https:\/\/valenciapescapaseo.com\/wp-content\/uploads\/2020\/06\/IMAGENCURRICAN1-1-732x1300.jpeg 732w\" alt=\"\" width=\"366\" height=\"650\"  \/><\/a>\t<\/figure>\n<\/article>\n\n<\/div><div class=\"wf-cell\" data-post-id=\"15022\" data-date=\"2020-06-20T11:28:02+00:00\" data-name=\"IMAGENCURRICAN2\">\n<article class=\"post post-15022 attachment type-attachment status-inherit hentry no-img description-off\">\n\n\t<figure class=\"rollover-project links-hovers-disabled\">\n\t<a href=\"https:\/\/valenciapescapaseo.com\/wp-content\/uploads\/2020\/06\/IMAGENCURRICAN2-1.jpeg\" class=\"rollover rollover-zoom dt-pswp-item layzr-bg\" title=\"IMAGENCURRICAN2\" data-dt-img-description=\"\"  data-large_image_width=\"900\" data-large_image_height = \"1600\" ><img loading=\"lazy\" decoding=\"async\" class=\"preload-me jgrid-lazy-load\" src=\"data:image\/svg+xml,%3Csvg%20xmlns%3D&#39;http%3A%2F%2Fwww.w3.org%2F2000%2Fsvg&#39;%20viewBox%3D&#39;0%200%20366%20650&#39;%2F%3E\" data-src=\"https:\/\/valenciapescapaseo.com\/wp-content\/uploads\/2020\/06\/IMAGENCURRICAN2-1-366x650.jpeg\" data-srcset=\"https:\/\/valenciapescapaseo.com\/wp-content\/uploads\/2020\/06\/IMAGENCURRICAN2-1-366x650.jpeg 366w, https:\/\/valenciapescapaseo.com\/wp-content\/uploads\/2020\/06\/IMAGENCURRICAN2-1-732x1300.jpeg 732w\" alt=\"\" width=\"366\" height=\"650\"  \/><\/a>\t<\/figure>\n<\/article>\n\n<\/div><div class=\"wf-cell\" data-post-id=\"15023\" data-date=\"2020-06-20T11:28:09+00:00\" data-name=\"IMG_20181020_175236_524\">\n<article class=\"post post-15023 attachment type-attachment status-inherit hentry no-img description-off\">\n\n\t<figure class=\"rollover-project links-hovers-disabled\">\n\t<a href=\"https:\/\/valenciapescapaseo.com\/wp-content\/uploads\/2020\/06\/IMG_20181020_175236_524-1-scaled.jpg\" class=\"rollover rollover-zoom dt-pswp-item layzr-bg\" title=\"IMG_20181020_175236_524\" data-dt-img-description=\"\"  data-large_image_width=\"1638\" data-large_image_height = \"2048\" ><img loading=\"lazy\" decoding=\"async\" class=\"preload-me jgrid-lazy-load\" src=\"data:image\/svg+xml,%3Csvg%20xmlns%3D&#39;http%3A%2F%2Fwww.w3.org%2F2000%2Fsvg&#39;%20viewBox%3D&#39;0%200%20520%20650&#39;%2F%3E\" data-src=\"https:\/\/valenciapescapaseo.com\/wp-content\/uploads\/2020\/06\/IMG_20181020_175236_524-1-scaled-520x650.jpg\" data-srcset=\"https:\/\/valenciapescapaseo.com\/wp-content\/uploads\/2020\/06\/IMG_20181020_175236_524-1-scaled-520x650.jpg 520w, https:\/\/valenciapescapaseo.com\/wp-content\/uploads\/2020\/06\/IMG_20181020_175236_524-1-scaled-1040x1300.jpg 1040w\" alt=\"\" width=\"520\" height=\"650\"  \/><\/a>\t<\/figure>\n<\/article>\n\n<\/div><\/div><\/div><\/div><\/div><\/div>","protected":false},"excerpt":{"rendered":"<p>Pesca a fondo o doradasDisfruta de un d\u00eda de tranquilo fondeado en el mar, sin ruidos y con unas vistas privilegiadas, adem\u00e1s de vivir una jornada de pesca con variedad de especies, Pargos, Doradas, Pajel, Dentones Vidriada etc&#8230;(DURACI\u00d3N DE LA ACTIVIDAD M\u00cdNIMO 6 HORAS)Pesca del brumeo (At\u00fan gigante)Disfruta de uno de los combates m\u00e1s impresionantes&hellip;<\/p>","protected":false},"author":1,"featured_media":0,"parent":0,"menu_order":0,"comment_status":"closed","ping_status":"closed","template":"","meta":{"_joinchat":[]},"class_list":["post-14673","page","type-page","status-publish","hentry","description-off"],"yoast_head":"<!-- This site is optimized with the Yoast SEO plugin v25.6 - https:\/\/yoast.com\/wordpress\/plugins\/seo\/ -->\n<title>Pesca - VALENCIA PESCA PASEO<\/title>\n<meta name=\"robots\" content=\"index, follow, max-snippet:-1, max-image-preview:large, max-video-preview:-1\" \/>\n<link rel=\"canonical\" href=\"https:\/\/valenciapescapaseo.com\/en\/pesca\/\" \/>\n<meta property=\"og:locale\" content=\"en_GB\" \/>\n<meta property=\"og:type\" content=\"article\" \/>\n<meta property=\"og:title\" content=\"Pesca - VALENCIA PESCA PASEO\" \/>\n<meta property=\"og:url\" content=\"https:\/\/valenciapescapaseo.com\/en\/pesca\/\" \/>\n<meta property=\"og:site_name\" content=\"VALENCIA PESCA PASEO\" \/>\n<meta property=\"article:publisher\" content=\"https:\/\/es-es.facebook.com\/INFORMATICAJM2\/\" \/>\n<meta property=\"article:modified_time\" content=\"2020-06-25T09:10:10+00:00\" \/>\n<meta name=\"twitter:card\" content=\"summary_large_image\" \/>\n<meta name=\"twitter:label1\" content=\"Estimated reading time\" \/>\n\t<meta name=\"twitter:data1\" content=\"2 minutes\" \/>\n<script type=\"application\/ld+json\" class=\"yoast-schema-graph\">{\"@context\":\"https:\/\/schema.org\",\"@graph\":[{\"@type\":\"WebPage\",\"@id\":\"https:\/\/valenciapescapaseo.com\/pesca\/\",\"url\":\"https:\/\/valenciapescapaseo.com\/pesca\/\",\"name\":\"Pesca - VALENCIA PESCA PASEO\",\"isPartOf\":{\"@id\":\"https:\/\/valenciapescapaseo.com\/#website\"},\"datePublished\":\"2020-06-11T10:40:42+00:00\",\"dateModified\":\"2020-06-25T09:10:10+00:00\",\"breadcrumb\":{\"@id\":\"https:\/\/valenciapescapaseo.com\/pesca\/#breadcrumb\"},\"inLanguage\":\"en-GB\",\"potentialAction\":[{\"@type\":\"ReadAction\",\"target\":[\"https:\/\/valenciapescapaseo.com\/pesca\/\"]}]},{\"@type\":\"BreadcrumbList\",\"@id\":\"https:\/\/valenciapescapaseo.com\/pesca\/#breadcrumb\",\"itemListElement\":[{\"@type\":\"ListItem\",\"position\":1,\"name\":\"Portada\",\"item\":\"https:\/\/valenciapescapaseo.com\/\"},{\"@type\":\"ListItem\",\"position\":2,\"name\":\"Pesca\"}]},{\"@type\":\"WebSite\",\"@id\":\"https:\/\/valenciapescapaseo.com\/#website\",\"url\":\"https:\/\/valenciapescapaseo.com\/\",\"name\":\"VALENCIA PESCA PASEO\",\"description\":\"PESCA PASEOS EVENTOS Y PAQUETES DE LUJO\",\"publisher\":{\"@id\":\"https:\/\/valenciapescapaseo.com\/#organization\"},\"potentialAction\":[{\"@type\":\"SearchAction\",\"target\":{\"@type\":\"EntryPoint\",\"urlTemplate\":\"https:\/\/valenciapescapaseo.com\/?s={search_term_string}\"},\"query-input\":{\"@type\":\"PropertyValueSpecification\",\"valueRequired\":true,\"valueName\":\"search_term_string\"}}],\"inLanguage\":\"en-GB\"},{\"@type\":\"Organization\",\"@id\":\"https:\/\/valenciapescapaseo.com\/#organization\",\"name\":\"JM2 INFORMATICA\",\"url\":\"https:\/\/valenciapescapaseo.com\/\",\"logo\":{\"@type\":\"ImageObject\",\"inLanguage\":\"en-GB\",\"@id\":\"https:\/\/valenciapescapaseo.com\/#\/schema\/logo\/image\/\",\"url\":\"https:\/\/valenciapescapaseo.com\/wp-content\/uploads\/2016\/10\/cropped-LOGO-JM2-1.png\",\"contentUrl\":\"https:\/\/valenciapescapaseo.com\/wp-content\/uploads\/2016\/10\/cropped-LOGO-JM2-1.png\",\"width\":512,\"height\":512,\"caption\":\"JM2 INFORMATICA\"},\"image\":{\"@id\":\"https:\/\/valenciapescapaseo.com\/#\/schema\/logo\/image\/\"},\"sameAs\":[\"https:\/\/es-es.facebook.com\/INFORMATICAJM2\/\",\"https:\/\/www.youtube.com\/channel\/UCWT8HXVbSeAbZqKnl5gi2fQ\"]}]}<\/script>\n<!-- \/ Yoast SEO plugin. -->","yoast_head_json":{"title":"Pesca - VALENCIA PESCA PASEO","robots":{"index":"index","follow":"follow","max-snippet":"max-snippet:-1","max-image-preview":"max-image-preview:large","max-video-preview":"max-video-preview:-1"},"canonical":"https:\/\/valenciapescapaseo.com\/en\/pesca\/","og_locale":"en_GB","og_type":"article","og_title":"Pesca - VALENCIA PESCA PASEO","og_url":"https:\/\/valenciapescapaseo.com\/en\/pesca\/","og_site_name":"VALENCIA PESCA PASEO","article_publisher":"https:\/\/es-es.facebook.com\/INFORMATICAJM2\/","article_modified_time":"2020-06-25T09:10:10+00:00","twitter_card":"summary_large_image","twitter_misc":{"Estimated reading time":"2 minutes"},"schema":{"@context":"https:\/\/schema.org","@graph":[{"@type":"WebPage","@id":"https:\/\/valenciapescapaseo.com\/pesca\/","url":"https:\/\/valenciapescapaseo.com\/pesca\/","name":"Pesca - VALENCIA PESCA PASEO","isPartOf":{"@id":"https:\/\/valenciapescapaseo.com\/#website"},"datePublished":"2020-06-11T10:40:42+00:00","dateModified":"2020-06-25T09:10:10+00:00","breadcrumb":{"@id":"https:\/\/valenciapescapaseo.com\/pesca\/#breadcrumb"},"inLanguage":"en-GB","potentialAction":[{"@type":"ReadAction","target":["https:\/\/valenciapescapaseo.com\/pesca\/"]}]},{"@type":"BreadcrumbList","@id":"https:\/\/valenciapescapaseo.com\/pesca\/#breadcrumb","itemListElement":[{"@type":"ListItem","position":1,"name":"Portada","item":"https:\/\/valenciapescapaseo.com\/"},{"@type":"ListItem","position":2,"name":"Pesca"}]},{"@type":"WebSite","@id":"https:\/\/valenciapescapaseo.com\/#website","url":"https:\/\/valenciapescapaseo.com\/","name":"VALENCIA PESCA PASEO","description":"PESCA PASEOS EVENTOS Y PAQUETES DE LUJO","publisher":{"@id":"https:\/\/valenciapescapaseo.com\/#organization"},"potentialAction":[{"@type":"SearchAction","target":{"@type":"EntryPoint","urlTemplate":"https:\/\/valenciapescapaseo.com\/?s={search_term_string}"},"query-input":{"@type":"PropertyValueSpecification","valueRequired":true,"valueName":"search_term_string"}}],"inLanguage":"en-GB"},{"@type":"Organization","@id":"https:\/\/valenciapescapaseo.com\/#organization","name":"JM2 INFORMATICA","url":"https:\/\/valenciapescapaseo.com\/","logo":{"@type":"ImageObject","inLanguage":"en-GB","@id":"https:\/\/valenciapescapaseo.com\/#\/schema\/logo\/image\/","url":"https:\/\/valenciapescapaseo.com\/wp-content\/uploads\/2016\/10\/cropped-LOGO-JM2-1.png","contentUrl":"https:\/\/valenciapescapaseo.com\/wp-content\/uploads\/2016\/10\/cropped-LOGO-JM2-1.png","width":512,"height":512,"caption":"JM2 INFORMATICA"},"image":{"@id":"https:\/\/valenciapescapaseo.com\/#\/schema\/logo\/image\/"},"sameAs":["https:\/\/es-es.facebook.com\/INFORMATICAJM2\/","https:\/\/www.youtube.com\/channel\/UCWT8HXVbSeAbZqKnl5gi2fQ"]}]}},"_links":{"self":[{"href":"https:\/\/valenciapescapaseo.com\/en\/wp-json\/wp\/v2\/pages\/14673"}],"collection":[{"href":"https:\/\/valenciapescapaseo.com\/en\/wp-json\/wp\/v2\/pages"}],"about":[{"href":"https:\/\/valenciapescapaseo.com\/en\/wp-json\/wp\/v2\/types\/page"}],"author":[{"embeddable":true,"href":"https:\/\/valenciapescapaseo.com\/en\/wp-json\/wp\/v2\/users\/1"}],"replies":[{"embeddable":true,"href":"https:\/\/valenciapescapaseo.com\/en\/wp-json\/wp\/v2\/comments?post=14673"}],"version-history":[{"count":54,"href":"https:\/\/valenciapescapaseo.com\/en\/wp-json\/wp\/v2\/pages\/14673\/revisions"}],"predecessor-version":[{"id":15059,"href":"https:\/\/valenciapescapaseo.com\/en\/wp-json\/wp\/v2\/pages\/14673\/revisions\/15059"}],"wp:attachment":[{"href":"https:\/\/valenciapescapaseo.com\/en\/wp-json\/wp\/v2\/media?parent=14673"}],"curies":[{"name":"wp","href":"https:\/\/api.w.org\/{rel}","templated":true}]}}