{"id":14678,"date":"2020-06-11T11:28:14","date_gmt":"2020-06-11T11:28:14","guid":{"rendered":"https:\/\/valenciapescapaseo.com\/?page_id=14678"},"modified":"2020-06-25T06:55:12","modified_gmt":"2020-06-25T06:55:12","slug":"paseos","status":"publish","type":"page","link":"https:\/\/valenciapescapaseo.com\/en\/paseos\/","title":{"rendered":"TOURS"},"content":{"rendered":"<div class=\"stripe stripe-style-4\" style=\"background-position: top;background-repeat: no-repeat;background-attachment: scroll;background-size: auto;padding-top: 0px;padding-bottom: 0px;margin-top: -70px;margin-bottom: 0px\"><div class=\"vc_row wpb_row vc_row-fluid full-width-wrap swing animate-element\" style=\"padding-left: 0px;padding-right: 0px\"><div class=\"wpb_column vc_column_container vc_col-sm-12\"><div class=\"vc_column-inner\"><div class=\"wpb_wrapper\"><div id=\"ultimate-heading-10216a07593f56709\" class=\"uvc-heading ult-adjust-bottom-margin ultimate-heading-10216a07593f56709 uvc-3611  uvc-heading-default-font-sizes\" data-hspacer=\"no_spacer\"  data-halign=\"center\" style=\"text-align:center\"><div class=\"uvc-heading-spacer no_spacer\" style=\"top\"><\/div><div class=\"uvc-main-heading ult-responsive\"  data-ultimate-target='.uvc-heading.ultimate-heading-10216a07593f56709 h2'  data-responsive-json-new='{\"font-size\":\"\",\"line-height\":\"\"}' ><h2 style=\"--font-weight:theme;margin-top:50px;\">In VALENCIA PESCA PASEO<\/h2><\/div><div class=\"uvc-sub-heading ult-responsive\"  data-ultimate-target='.uvc-heading.ultimate-heading-10216a07593f56709 .uvc-sub-heading '  data-responsive-json-new='{\"font-size\":\"\",\"line-height\":\"\"}'  style=\"font-weight:normal;margin-bottom:50px;\">you may enjoy sansets sunrises, visits to other harbors and hare a  swim in clean, transparent waters by hiring the boat houly.<\/p>\n<p>We can always sail on for from the coart in search of marine wild life like dolphins, tuna or shoals in ther natural habitat.<\/div><\/div><\/div><\/div><\/div><\/div><\/div><div class=\"vc_row wpb_row vc_row-fluid dt-default tada animate-element\" style=\"margin-top: 0px;margin-bottom: 0px\"><div class=\"wpb_column vc_column_container vc_col-sm-12\"><div class=\"vc_column-inner\"><div class=\"wpb_wrapper\"><section class=\"shortcode-teaser img-full frame-fancy frame-on pulse animate-element\"><div class=\"layzr-bg shortcode-teaser-img\"><img loading=\"lazy\" decoding=\"async\" class=\"lazy-load\" src=\"data:image\/svg+xml;charset=utf-8,%3Csvg xmlns%3D&#039;http%3A%2F%2Fwww.w3.org%2F2000%2Fsvg&#039; viewBox%3D&#039;0 0 1030 600&#039;%2F%3E\" width=\"1030\" height=\"600\" alt=\"PASEOS A PORTSAPLAYA\" data-srcset=\"https:\/\/valenciapescapaseo.com\/wp-content\/uploads\/2020\/06\/port-saplaya-valencia.jpg 1030w\" data-src=\"https:\/\/valenciapescapaseo.com\/wp-content\/uploads\/2020\/06\/port-saplaya-valencia.jpg\" \/><\/div><div class=\"shortcode-teaser-content text-big\"><p style=\"text-align: center;\">Departure from the Real Club N\u00e1utico de Valenica, bound for the mytrical Malvarrossa Beach, sailing through The Comercial Port of Valencia till \"the diltle valencian Venise\" called \"PortSapaya to finally call it a dey with a swim or a lovely snack overlooking La Malvarrossa.<\/p>\n<\/div><\/section><\/div><\/div><\/div><\/div><div class=\"vc_row wpb_row vc_row-fluid dt-default tada animate-element\" style=\"margin-top: 0px;margin-bottom: 0px\"><div class=\"wpb_column vc_column_container vc_col-sm-12\"><div class=\"vc_column-inner\"><div class=\"wpb_wrapper\"><section class=\"shortcode-teaser img-full frame-fancy frame-on pulse animate-element\"><div class=\"layzr-bg shortcode-teaser-img\"><img loading=\"lazy\" decoding=\"async\" class=\"lazy-load\" src=\"data:image\/svg+xml;charset=utf-8,%3Csvg xmlns%3D&#039;http%3A%2F%2Fwww.w3.org%2F2000%2Fsvg&#039; viewBox%3D&#039;0 0 1200 630&#039;%2F%3E\" width=\"1200\" height=\"630\" alt=\"PASEOS ALBUFERA\" data-srcset=\"https:\/\/valenciapescapaseo.com\/wp-content\/uploads\/2020\/06\/albufera-valencia.jpg 1200w\" data-src=\"https:\/\/valenciapescapaseo.com\/wp-content\/uploads\/2020\/06\/albufera-valencia.jpg\" \/><\/div><div class=\"shortcode-teaser-content text-big\"><p style=\"text-align: center;\">Spend a day traveling around the natural reserve of \"La Albufera\" anchoring at different areas to watch so the various sweet-water outlets of the park.<\/p>\n<\/div><\/section><\/div><\/div><\/div><\/div><div class=\"vc_row wpb_row vc_row-fluid dt-default tada animate-element\" style=\"margin-top: 0px;margin-bottom: 0px\"><div class=\"wpb_column vc_column_container vc_col-sm-12\"><div class=\"vc_column-inner\"><div class=\"wpb_wrapper\"><section class=\"shortcode-teaser img-full frame-fancy frame-on pulse animate-element\"><div class=\"layzr-bg shortcode-teaser-img\"><img loading=\"lazy\" decoding=\"async\" class=\"lazy-load\" src=\"data:image\/svg+xml;charset=utf-8,%3Csvg xmlns%3D&#039;http%3A%2F%2Fwww.w3.org%2F2000%2Fsvg&#039; viewBox%3D&#039;0 0 1929 1286&#039;%2F%3E\" width=\"1929\" height=\"1286\" alt=\"PASEOS CULLERA\" data-srcset=\"https:\/\/valenciapescapaseo.com\/wp-content\/uploads\/2020\/06\/Farocullera.jpg 1929w\" data-src=\"https:\/\/valenciapescapaseo.com\/wp-content\/uploads\/2020\/06\/Farocullera.jpg\" \/><\/div><div class=\"shortcode-teaser-content text-big\"><p style=\"text-align: center;\">Departure form the \"Real Club N\u00e1utico de Valencia\" dound for Cullera sailing through the National Reserve of \"La Albufera\" and dropping anchor at one of the wonderful coves in Faro de Cullera.<\/p>\n<\/div><\/section><\/div><\/div><\/div><\/div><div class=\"vc_row wpb_row vc_row-fluid dt-default tada animate-element\" style=\"margin-top: 0px;margin-bottom: 0px\"><div class=\"wpb_column vc_column_container vc_col-sm-12\"><div class=\"vc_column-inner\"><div class=\"wpb_wrapper\"><section class=\"shortcode-teaser img-full frame-fancy frame-on pulse animate-element\"><div class=\"layzr-bg shortcode-teaser-img\"><img loading=\"lazy\" decoding=\"async\" class=\"lazy-load\" src=\"data:image\/svg+xml;charset=utf-8,%3Csvg xmlns%3D&#039;http%3A%2F%2Fwww.w3.org%2F2000%2Fsvg&#039; viewBox%3D&#039;0 0 560 315&#039;%2F%3E\" width=\"560\" height=\"315\" alt=\"PASEOS VER DELFINES\" data-srcset=\"https:\/\/valenciapescapaseo.com\/wp-content\/uploads\/2020\/06\/Delfines-en-a-proa-del-barco-560x315-1.jpg 560w\" data-src=\"https:\/\/valenciapescapaseo.com\/wp-content\/uploads\/2020\/06\/Delfines-en-a-proa-del-barco-560x315-1.jpg\" \/><\/div><div class=\"shortcode-teaser-content text-big\"><p style=\"text-align: center;\">Gp through the experience of sailing out at sea in search of marine wild life: tuna, dolphins in their habitat as well as other species of the Mediterranean Sea.<\/p>\n<\/div><\/section><\/div><\/div><\/div><\/div><div class=\"vc_row wpb_row vc_row-fluid dt-default tada animate-element\" style=\"margin-top: 0px;margin-bottom: 0px\"><div class=\"wpb_column vc_column_container vc_col-sm-12\"><div class=\"vc_column-inner\"><div class=\"wpb_wrapper\"><section class=\"shortcode-teaser img-full frame-fancy frame-on pulse animate-element\"><div class=\"layzr-bg shortcode-teaser-img\"><img loading=\"lazy\" decoding=\"async\" class=\"lazy-load\" src=\"data:image\/svg+xml;charset=utf-8,%3Csvg xmlns%3D&#039;http%3A%2F%2Fwww.w3.org%2F2000%2Fsvg&#039; viewBox%3D&#039;0 0 2048 1536&#039;%2F%3E\" width=\"2048\" height=\"1536\" alt=\"PASEOS PARA VER ATARDECERES\" data-srcset=\"https:\/\/valenciapescapaseo.com\/wp-content\/uploads\/2020\/06\/IMG_20200118_081603-scaled.jpg 2048w\" data-src=\"https:\/\/valenciapescapaseo.com\/wp-content\/uploads\/2020\/06\/IMG_20200118_081603-scaled.jpg\" \/><\/div><div class=\"shortcode-teaser-content text-big\"><p style=\"text-align: center;\">Spend a sunset at the beach of your choice accompanied by refreshments, some snack , a refreshing swim or a Gin-Tpmoc...That's up to you!<\/p>\n<\/div><\/section><\/div><\/div><\/div><\/div>","protected":false},"excerpt":{"rendered":"<p>En Valencia Pesca Paseo disfruta de:Atardeceres, amaneceres, visitas a otros puertos y ba\u00f1os en aguas limpias y transparentes alquilando por horas la embarcaci\u00f3n. Tambi\u00e9n podemos pasear mar adentro en busca de fauna marina, ya sean delfines, atunes o bancos de peces en su h\u00e1bitat natural.<\/p>","protected":false},"author":1,"featured_media":0,"parent":0,"menu_order":0,"comment_status":"closed","ping_status":"closed","template":"","meta":{"_joinchat":[]},"class_list":["post-14678","page","type-page","status-publish","hentry","description-off"],"yoast_head":"<!-- This site is optimized with the Yoast SEO plugin v25.6 - https:\/\/yoast.com\/wordpress\/plugins\/seo\/ -->\n<title>PASEOS - VALENCIA PESCA PASEO<\/title>\n<meta name=\"robots\" content=\"index, follow, max-snippet:-1, max-image-preview:large, max-video-preview:-1\" \/>\n<link rel=\"canonical\" href=\"https:\/\/valenciapescapaseo.com\/en\/paseos\/\" \/>\n<meta property=\"og:locale\" content=\"en_GB\" \/>\n<meta property=\"og:type\" content=\"article\" \/>\n<meta property=\"og:title\" content=\"PASEOS - VALENCIA PESCA PASEO\" \/>\n<meta property=\"og:url\" content=\"https:\/\/valenciapescapaseo.com\/en\/paseos\/\" \/>\n<meta property=\"og:site_name\" content=\"VALENCIA PESCA PASEO\" \/>\n<meta property=\"article:publisher\" content=\"https:\/\/es-es.facebook.com\/INFORMATICAJM2\/\" \/>\n<meta property=\"article:modified_time\" content=\"2020-06-25T06:55:12+00:00\" \/>\n<meta name=\"twitter:card\" content=\"summary_large_image\" \/>\n<meta name=\"twitter:label1\" content=\"Estimated reading time\" \/>\n\t<meta name=\"twitter:data1\" content=\"2 minutes\" \/>\n<script type=\"application\/ld+json\" class=\"yoast-schema-graph\">{\"@context\":\"https:\/\/schema.org\",\"@graph\":[{\"@type\":\"WebPage\",\"@id\":\"https:\/\/valenciapescapaseo.com\/en\/paseos\/\",\"url\":\"https:\/\/valenciapescapaseo.com\/en\/paseos\/\",\"name\":\"PASEOS - VALENCIA PESCA PASEO\",\"isPartOf\":{\"@id\":\"https:\/\/valenciapescapaseo.com\/#website\"},\"datePublished\":\"2020-06-11T11:28:14+00:00\",\"dateModified\":\"2020-06-25T06:55:12+00:00\",\"breadcrumb\":{\"@id\":\"https:\/\/valenciapescapaseo.com\/en\/paseos\/#breadcrumb\"},\"inLanguage\":\"en-GB\",\"potentialAction\":[{\"@type\":\"ReadAction\",\"target\":[\"https:\/\/valenciapescapaseo.com\/en\/paseos\/\"]}]},{\"@type\":\"BreadcrumbList\",\"@id\":\"https:\/\/valenciapescapaseo.com\/en\/paseos\/#breadcrumb\",\"itemListElement\":[{\"@type\":\"ListItem\",\"position\":1,\"name\":\"Portada\",\"item\":\"https:\/\/valenciapescapaseo.com\/\"},{\"@type\":\"ListItem\",\"position\":2,\"name\":\"PASEOS\"}]},{\"@type\":\"WebSite\",\"@id\":\"https:\/\/valenciapescapaseo.com\/#website\",\"url\":\"https:\/\/valenciapescapaseo.com\/\",\"name\":\"VALENCIA PESCA PASEO\",\"description\":\"PESCA PASEOS EVENTOS Y PAQUETES DE LUJO\",\"publisher\":{\"@id\":\"https:\/\/valenciapescapaseo.com\/#organization\"},\"potentialAction\":[{\"@type\":\"SearchAction\",\"target\":{\"@type\":\"EntryPoint\",\"urlTemplate\":\"https:\/\/valenciapescapaseo.com\/?s={search_term_string}\"},\"query-input\":{\"@type\":\"PropertyValueSpecification\",\"valueRequired\":true,\"valueName\":\"search_term_string\"}}],\"inLanguage\":\"en-GB\"},{\"@type\":\"Organization\",\"@id\":\"https:\/\/valenciapescapaseo.com\/#organization\",\"name\":\"JM2 INFORMATICA\",\"url\":\"https:\/\/valenciapescapaseo.com\/\",\"logo\":{\"@type\":\"ImageObject\",\"inLanguage\":\"en-GB\",\"@id\":\"https:\/\/valenciapescapaseo.com\/#\/schema\/logo\/image\/\",\"url\":\"https:\/\/valenciapescapaseo.com\/wp-content\/uploads\/2016\/10\/cropped-LOGO-JM2-1.png\",\"contentUrl\":\"https:\/\/valenciapescapaseo.com\/wp-content\/uploads\/2016\/10\/cropped-LOGO-JM2-1.png\",\"width\":512,\"height\":512,\"caption\":\"JM2 INFORMATICA\"},\"image\":{\"@id\":\"https:\/\/valenciapescapaseo.com\/#\/schema\/logo\/image\/\"},\"sameAs\":[\"https:\/\/es-es.facebook.com\/INFORMATICAJM2\/\",\"https:\/\/www.youtube.com\/channel\/UCWT8HXVbSeAbZqKnl5gi2fQ\"]}]}<\/script>\n<!-- \/ Yoast SEO plugin. -->","yoast_head_json":{"title":"PASEOS - VALENCIA PESCA PASEO","robots":{"index":"index","follow":"follow","max-snippet":"max-snippet:-1","max-image-preview":"max-image-preview:large","max-video-preview":"max-video-preview:-1"},"canonical":"https:\/\/valenciapescapaseo.com\/en\/paseos\/","og_locale":"en_GB","og_type":"article","og_title":"PASEOS - VALENCIA PESCA PASEO","og_url":"https:\/\/valenciapescapaseo.com\/en\/paseos\/","og_site_name":"VALENCIA PESCA PASEO","article_publisher":"https:\/\/es-es.facebook.com\/INFORMATICAJM2\/","article_modified_time":"2020-06-25T06:55:12+00:00","twitter_card":"summary_large_image","twitter_misc":{"Estimated reading time":"2 minutes"},"schema":{"@context":"https:\/\/schema.org","@graph":[{"@type":"WebPage","@id":"https:\/\/valenciapescapaseo.com\/en\/paseos\/","url":"https:\/\/valenciapescapaseo.com\/en\/paseos\/","name":"PASEOS - VALENCIA PESCA PASEO","isPartOf":{"@id":"https:\/\/valenciapescapaseo.com\/#website"},"datePublished":"2020-06-11T11:28:14+00:00","dateModified":"2020-06-25T06:55:12+00:00","breadcrumb":{"@id":"https:\/\/valenciapescapaseo.com\/en\/paseos\/#breadcrumb"},"inLanguage":"en-GB","potentialAction":[{"@type":"ReadAction","target":["https:\/\/valenciapescapaseo.com\/en\/paseos\/"]}]},{"@type":"BreadcrumbList","@id":"https:\/\/valenciapescapaseo.com\/en\/paseos\/#breadcrumb","itemListElement":[{"@type":"ListItem","position":1,"name":"Portada","item":"https:\/\/valenciapescapaseo.com\/"},{"@type":"ListItem","position":2,"name":"PASEOS"}]},{"@type":"WebSite","@id":"https:\/\/valenciapescapaseo.com\/#website","url":"https:\/\/valenciapescapaseo.com\/","name":"VALENCIA PESCA PASEO","description":"PESCA PASEOS EVENTOS Y PAQUETES DE LUJO","publisher":{"@id":"https:\/\/valenciapescapaseo.com\/#organization"},"potentialAction":[{"@type":"SearchAction","target":{"@type":"EntryPoint","urlTemplate":"https:\/\/valenciapescapaseo.com\/?s={search_term_string}"},"query-input":{"@type":"PropertyValueSpecification","valueRequired":true,"valueName":"search_term_string"}}],"inLanguage":"en-GB"},{"@type":"Organization","@id":"https:\/\/valenciapescapaseo.com\/#organization","name":"JM2 INFORMATICA","url":"https:\/\/valenciapescapaseo.com\/","logo":{"@type":"ImageObject","inLanguage":"en-GB","@id":"https:\/\/valenciapescapaseo.com\/#\/schema\/logo\/image\/","url":"https:\/\/valenciapescapaseo.com\/wp-content\/uploads\/2016\/10\/cropped-LOGO-JM2-1.png","contentUrl":"https:\/\/valenciapescapaseo.com\/wp-content\/uploads\/2016\/10\/cropped-LOGO-JM2-1.png","width":512,"height":512,"caption":"JM2 INFORMATICA"},"image":{"@id":"https:\/\/valenciapescapaseo.com\/#\/schema\/logo\/image\/"},"sameAs":["https:\/\/es-es.facebook.com\/INFORMATICAJM2\/","https:\/\/www.youtube.com\/channel\/UCWT8HXVbSeAbZqKnl5gi2fQ"]}]}},"_links":{"self":[{"href":"https:\/\/valenciapescapaseo.com\/en\/wp-json\/wp\/v2\/pages\/14678"}],"collection":[{"href":"https:\/\/valenciapescapaseo.com\/en\/wp-json\/wp\/v2\/pages"}],"about":[{"href":"https:\/\/valenciapescapaseo.com\/en\/wp-json\/wp\/v2\/types\/page"}],"author":[{"embeddable":true,"href":"https:\/\/valenciapescapaseo.com\/en\/wp-json\/wp\/v2\/users\/1"}],"replies":[{"embeddable":true,"href":"https:\/\/valenciapescapaseo.com\/en\/wp-json\/wp\/v2\/comments?post=14678"}],"version-history":[{"count":27,"href":"https:\/\/valenciapescapaseo.com\/en\/wp-json\/wp\/v2\/pages\/14678\/revisions"}],"predecessor-version":[{"id":15029,"href":"https:\/\/valenciapescapaseo.com\/en\/wp-json\/wp\/v2\/pages\/14678\/revisions\/15029"}],"wp:attachment":[{"href":"https:\/\/valenciapescapaseo.com\/en\/wp-json\/wp\/v2\/media?parent=14678"}],"curies":[{"name":"wp","href":"https:\/\/api.w.org\/{rel}","templated":true}]}}